{"id":93,"date":"2023-07-31T07:31:55","date_gmt":"2023-07-31T07:31:55","guid":{"rendered":"http:\/\/www.adunguem.pt\/?page_id=93"},"modified":"2024-10-10T15:50:11","modified_gmt":"2024-10-10T15:50:11","slug":"colibri-wp","status":"publish","type":"page","link":"https:\/\/www.adunguem.pt\/en\/","title":{"rendered":"Pagina Inicial"},"content":{"rendered":"<div data-colibri-id=\"93-c1\" class=\"style-268 style-local-93-c1 position-relative\">\r\n  <!---->\r\n  <div data-colibri-component=\"section\" data-colibri-id=\"93-c2\" id=\"quem-somos\" class=\"h-section h-section-global-spacing d-flex align-items-lg-center align-items-md-center align-items-center style-269 style-local-93-c2 position-relative\">\r\n    <!---->\r\n    <!---->\r\n    <div class=\"h-section-grid-container h-section-boxed-container\">\r\n      <!---->\r\n      <div data-colibri-id=\"93-c3\" class=\"h-row-container gutters-row-lg-2 gutters-row-md-2 gutters-row-0 gutters-row-v-lg-2 gutters-row-v-md-2 gutters-row-v-2 style-270 style-local-93-c3 position-relative\">\r\n        <!---->\r\n        <div class=\"h-row justify-content-lg-center justify-content-md-center justify-content-center align-items-lg-stretch align-items-md-stretch align-items-stretch gutters-col-lg-2 gutters-col-md-2 gutters-col-0 gutters-col-v-lg-2 gutters-col-v-md-2 gutters-col-v-2\">\r\n          <!---->\r\n          <div class=\"h-column h-column-container d-flex h-col-lg-12 h-col-md-12 h-col-12 style-271-outer style-local-93-c4-outer\">\r\n            <div data-colibri-id=\"93-c4\" class=\"d-flex h-flex-basis h-column__inner h-px-lg-2 h-px-md-2 h-px-2 v-inner-lg-2 v-inner-md-2 v-inner-2 style-271 style-local-93-c4 position-relative\">\r\n              <!---->\r\n              <!---->\r\n              <div class=\"w-100 h-y-container h-column__content h-column__v-align flex-basis-100 align-self-lg-start align-self-md-start align-self-start\">\r\n                <!---->\r\n                <div data-colibri-id=\"93-c5\" class=\"h-global-transition-all h-heading style-272 style-local-93-c5 position-relative h-element\">\r\n                  <!---->\r\n                  <div class=\"h-heading__outer style-272 style-local-93-c5\">\r\n                    <!---->\r\n                    <!---->\r\n                    <h2 class=\"\">About us<\/h2>\r\n                  <\/div>\r\n                <\/div>\r\n                <div data-colibri-id=\"93-c6\" class=\"h-lead h-text h-text-component style-527 style-local-93-c6 position-relative h-element\">\r\n                  <!---->\r\n                  <!---->\r\n                  <div class=\"\">\r\n                    <p>Desde a sua funda\u00e7\u00e3o em 2005, a Adunguem tem vindo a destacar-se no cen\u00e1rio industrial como uma empresa empenhada na excel\u00eancia em manuten\u00e7\u00e3o de equipamentos. Inicialmente estabelecida para responder \u00e0s crescentes necessidades do setor,\r\n                      a nossa jornada tem sido marcada por um firme compromisso com a qualidade e a inova\u00e7\u00e3o. Gra\u00e7as ao incans\u00e1vel esfor\u00e7o da nossa equipa, ultrapass\u00e1mos as expectativas iniciais, alcan\u00e7ando um marco significativo ao estabelecer a primeira\r\n                      marca nacional de Linhas de Fura\u00e7\u00e3o e Corte, a M&amp;G Steel Machines. Este feito n\u00e3o apenas reflete o nosso crescimento cont\u00ednuo, mas tamb\u00e9m reafirma o nosso empenho em oferecer solu\u00e7\u00f5es de ponta para os desafios do mercado.<\/p>\r\n                  <\/div>\r\n                <\/div>\r\n              <\/div>\r\n            <\/div>\r\n          <\/div>\r\n        <\/div>\r\n      <\/div>\r\n    <\/div>\r\n  <\/div>\r\n  <div data-colibri-component=\"section\" data-colibri-id=\"93-c7\" id=\"pelo-mundo\" class=\"h-section h-section-global-spacing d-flex align-items-lg-center align-items-md-center align-items-center style-277 style-local-93-c7 position-relative\">\r\n    <!---->\r\n    <!---->\r\n    <div class=\"h-section-grid-container h-section-boxed-container\">\r\n      <!---->\r\n      <div data-colibri-id=\"93-c8\" class=\"h-row-container gutters-row-lg-0 gutters-row-md-0 gutters-row-0 gutters-row-v-lg-0 gutters-row-v-md-0 gutters-row-v-0 style-278 style-local-93-c8 position-relative\">\r\n        <!---->\r\n        <div class=\"h-row justify-content-lg-center justify-content-md-center justify-content-center align-items-lg-stretch align-items-md-stretch align-items-stretch gutters-col-lg-0 gutters-col-md-0 gutters-col-0 gutters-col-v-lg-0 gutters-col-v-md-0 gutters-col-v-0\">\r\n          <!---->\r\n          <div class=\"h-column h-column-container d-flex h-col-lg-6 h-col-md-6 h-col-12 style-279-outer style-local-93-c9-outer\">\r\n            <div data-colibri-id=\"93-c9\" class=\"d-flex h-flex-basis h-column__inner h-px-lg-0 h-px-md-0 h-px-0 v-inner-lg-0 v-inner-md-0 v-inner-0 style-279 style-local-93-c9 position-relative\">\r\n              <!---->\r\n              <!---->\r\n              <div class=\"w-100 h-y-container h-column__content h-column__v-align flex-basis-100 align-self-lg-center align-self-md-center align-self-center\">\r\n                <!---->\r\n                <div data-colibri-id=\"93-c10\" class=\"d-block style-526 style-local-93-c10 position-relative h-element\">\r\n                  <!---->\r\n                  <div class=\"h-image__frame-container-outer\">\r\n                    <div class=\"h-image__frame-container\">\r\n                      <!---->\r\n                      <!---->\r\n                      <img loading=\"lazy\" decoding=\"async\" width=\"4500\" height=\"2500\" src=\"http:\/\/www.adunguem.pt\/wp-content\/uploads\/2023\/08\/Mapa-Mundi-Adunguem.png\" class=\"wp-image-736 style-526-image style-local-93-c10-image\" alt=\"\" srcset=\"https:\/\/www.adunguem.pt\/wp-content\/uploads\/2023\/08\/Mapa-Mundi-Adunguem.png 4500w, https:\/\/www.adunguem.pt\/wp-content\/uploads\/2023\/08\/Mapa-Mundi-Adunguem-300x167.png 300w, https:\/\/www.adunguem.pt\/wp-content\/uploads\/2023\/08\/Mapa-Mundi-Adunguem-1024x569.png 1024w, https:\/\/www.adunguem.pt\/wp-content\/uploads\/2023\/08\/Mapa-Mundi-Adunguem-768x427.png 768w, https:\/\/www.adunguem.pt\/wp-content\/uploads\/2023\/08\/Mapa-Mundi-Adunguem-1536x853.png 1536w, https:\/\/www.adunguem.pt\/wp-content\/uploads\/2023\/08\/Mapa-Mundi-Adunguem-2048x1138.png 2048w, https:\/\/www.adunguem.pt\/wp-content\/uploads\/2023\/08\/Mapa-Mundi-Adunguem-18x10.png 18w\" sizes=\"auto, (max-width: 4500px) 100vw, 4500px\" \/>\r\n                      <div class=\"h-image__frame h-hide-lg h-hide-md h-hide-sm style-526-frameImage style-local-93-c10-frameImage\"><\/div>\r\n                    <\/div>\r\n                  <\/div>\r\n                <\/div>\r\n              <\/div>\r\n            <\/div>\r\n          <\/div>\r\n          <div class=\"h-column h-column-container d-flex h-col-lg-6 h-col-md-6 h-col-12 style-280-outer style-local-93-c11-outer\">\r\n            <div data-colibri-id=\"93-c11\" class=\"d-flex h-flex-basis h-column__inner h-px-lg-2 h-px-md-2 h-px-2 v-inner-lg-2 v-inner-md-2 v-inner-2 style-280 style-local-93-c11 position-relative\">\r\n              <!---->\r\n              <!---->\r\n              <div class=\"w-100 h-y-container h-column__content h-column__v-align flex-basis-100 align-self-lg-center align-self-md-center align-self-center\">\r\n                <!---->\r\n                <div data-colibri-id=\"93-c12\" class=\"h-global-transition-all h-heading style-282 style-local-93-c12 position-relative h-element\">\r\n                  <!---->\r\n                  <div class=\"h-heading__outer style-282 style-local-93-c12\">\r\n                    <!---->\r\n                    <!---->\r\n                    <h2 class=\"\">M&amp;G around the world<\/h2>\r\n                  <\/div>\r\n                <\/div>\r\n                <div data-colibri-id=\"93-c13\" class=\"h-text h-text-component style-283 style-local-93-c13 position-relative h-element\">\r\n                  <!---->\r\n                  <!---->\r\n                  <div class=\"\">\r\n                    <p><span style=\"color: rgb(71, 74, 81); font-family: &quot;Open Sans&quot;, sans-serif; font-size: 16px; font-weight: 400;\">More than 11 countries around the globe are already using our solutions!<\/span><\/p>\r\n                  <\/div>\r\n                <\/div>\r\n              <\/div>\r\n            <\/div>\r\n          <\/div>\r\n        <\/div>\r\n      <\/div>\r\n    <\/div>\r\n  <\/div>\r\n  <div data-colibri-component=\"section\" data-colibri-id=\"93-c14\" id=\"content\" class=\"h-section h-section-global-spacing d-flex align-items-lg-center align-items-md-center align-items-center style-287 style-local-93-c14 position-relative\">\r\n    <!---->\r\n    <!---->\r\n    <div class=\"h-section-grid-container h-section-boxed-container\">\r\n      <div data-colibri-id=\"93-c18\" class=\"h-row-container gutters-row-lg-2 gutters-row-md-2 gutters-row-2 gutters-row-v-lg-2 gutters-row-v-md-2 gutters-row-v-2 style-291 style-local-93-c18 position-relative\">\r\n        <!---->\r\n        <div class=\"h-row justify-content-lg-center justify-content-md-center justify-content-center align-items-lg-stretch align-items-md-stretch align-items-stretch gutters-col-lg-2 gutters-col-md-2 gutters-col-2 gutters-col-v-lg-2 gutters-col-v-md-2 gutters-col-v-2\">\r\n          <!---->\r\n          <div class=\"h-column h-column-container d-flex h-col-lg-auto h-col-md-auto h-col-auto style-292-outer style-local-93-c19-outer\">\r\n            <div data-colibri-id=\"93-c19\" class=\"d-flex h-flex-basis h-column__inner h-px-lg-2 h-px-md-2 h-px-0 v-inner-lg-2 v-inner-md-2 v-inner-0 style-292 style-local-93-c19 position-relative\">\r\n              <!---->\r\n              <!---->\r\n              <div class=\"w-100 h-y-container h-column__content h-column__v-align flex-basis-100 align-self-lg-start align-self-md-start align-self-start\">\r\n                <!---->\r\n                <div data-colibri-id=\"93-c20\" class=\"h-global-transition-all h-heading style-293 style-local-93-c20 position-relative h-element\">\r\n                  <!---->\r\n                  <div class=\"h-heading__outer style-293 style-local-93-c20\">\r\n                    <!---->\r\n                    <!---->\r\n                    <h2 class=\"\">Watch how our solutions work<\/h2>\r\n                  <\/div>\r\n                <\/div>\r\n                <div data-colibri-id=\"93-c21\" class=\"h-lead h-text h-text-component style-294 style-local-93-c21 position-relative h-element\">\r\n                  <!---->\r\n                  <!---->\r\n                  <div class=\"\">\r\n                    <p>Visit our channel on YouTube and discover how M&amp;G machines work!<\/p>\r\n                  <\/div>\r\n                <\/div>\r\n              <\/div>\r\n            <\/div>\r\n          <\/div>\r\n        <\/div>\r\n      <\/div>\r\n      <div data-colibri-id=\"93-c15\" class=\"h-row-container gutters-row-lg-2 gutters-row-md-2 gutters-row-2 gutters-row-v-lg-2 gutters-row-v-md-2 gutters-row-v-2 style-288 style-local-93-c15 position-relative\">\r\n        <!---->\r\n        <div class=\"h-row justify-content-lg-center justify-content-md-center justify-content-center align-items-lg-stretch align-items-md-stretch align-items-stretch gutters-col-lg-2 gutters-col-md-2 gutters-col-2 gutters-col-v-lg-2 gutters-col-v-md-2 gutters-col-v-2\">\r\n          <!---->\r\n          <div class=\"h-column h-column-container d-flex h-col-lg-auto h-col-md-auto h-col-auto style-289-outer style-local-93-c16-outer\">\r\n            <div data-colibri-id=\"93-c16\" class=\"d-flex h-flex-basis h-column__inner h-px-lg-0 h-px-md-0 h-px-0 v-inner-lg-0 v-inner-md-0 v-inner-0 style-289 style-local-93-c16 position-relative\">\r\n              <!---->\r\n              <!---->\r\n              <div class=\"w-100 h-y-container h-column__content h-column__v-align flex-basis-100 align-self-lg-start align-self-md-start align-self-start\">\r\n                <!---->\r\n                <div data-colibri-id=\"93-c17\" class=\"d-block style-290 style-local-93-c17 position-relative h-element\">\r\n                  <!---->\r\n                  <div class=\"h-image__frame-container-outer\">\r\n                    <a href=\"https:\/\/youtu.be\/TJHOa040h28\" target=\"_blank\" h-use-smooth-scroll=\"true\" class=\"image-link\" rel=\"noopener\">\r\n                      <div class=\"h-image__frame-container\">\r\n                        <!---->\r\n                        <!---->\r\n                        <img loading=\"lazy\" decoding=\"async\" width=\"1919\" height=\"1079\" src=\"http:\/\/www.adunguem.pt\/wp-content\/uploads\/2023\/07\/Captura-de-ecra-2023-07-31-1108121.jpg\" class=\"wp-image-328 style-290-image style-local-93-c17-image\" alt=\"\" srcset=\"https:\/\/www.adunguem.pt\/wp-content\/uploads\/2023\/07\/Captura-de-ecra-2023-07-31-1108121.jpg 1919w, https:\/\/www.adunguem.pt\/wp-content\/uploads\/2023\/07\/Captura-de-ecra-2023-07-31-1108121-300x169.jpg 300w, https:\/\/www.adunguem.pt\/wp-content\/uploads\/2023\/07\/Captura-de-ecra-2023-07-31-1108121-1024x576.jpg 1024w, https:\/\/www.adunguem.pt\/wp-content\/uploads\/2023\/07\/Captura-de-ecra-2023-07-31-1108121-768x432.jpg 768w, https:\/\/www.adunguem.pt\/wp-content\/uploads\/2023\/07\/Captura-de-ecra-2023-07-31-1108121-1536x864.jpg 1536w\" sizes=\"auto, (max-width: 1919px) 100vw, 1919px\" \/>\r\n                        <div class=\"h-image__frame style-290-frameImage style-local-93-c17-frameImage\"><\/div>\r\n                      <\/div>\r\n                    <\/a>\r\n                  <\/div>\r\n                <\/div>\r\n              <\/div>\r\n            <\/div>\r\n          <\/div>\r\n        <\/div>\r\n      <\/div>\r\n    <\/div>\r\n  <\/div>\r\n<\/div>","protected":false},"excerpt":{"rendered":"<p>Quem somos? Desde a sua funda\u00e7\u00e3o em 2005, a Adunguem tem vindo a destacar-se no cen\u00e1rio industrial como uma empresa empenhada na excel\u00eancia em manuten\u00e7\u00e3o de equipamentos. Inicialmente estabelecida para responder \u00e0s crescentes necessidades do setor, a nossa jornada tem sido marcada por um firme compromisso com a qualidade e a inova\u00e7\u00e3o. Gra\u00e7as ao incans\u00e1vel [&hellip;]<\/p>","protected":false},"author":1,"featured_media":0,"parent":0,"menu_order":0,"comment_status":"closed","ping_status":"closed","template":"page-templates\/homepage.php","meta":{"footnotes":""},"class_list":["post-93","page","type-page","status-publish","hentry"],"_links":{"self":[{"href":"https:\/\/www.adunguem.pt\/en\/wp-json\/wp\/v2\/pages\/93","targetHints":{"allow":["GET"]}}],"collection":[{"href":"https:\/\/www.adunguem.pt\/en\/wp-json\/wp\/v2\/pages"}],"about":[{"href":"https:\/\/www.adunguem.pt\/en\/wp-json\/wp\/v2\/types\/page"}],"author":[{"embeddable":true,"href":"https:\/\/www.adunguem.pt\/en\/wp-json\/wp\/v2\/users\/1"}],"replies":[{"embeddable":true,"href":"https:\/\/www.adunguem.pt\/en\/wp-json\/wp\/v2\/comments?post=93"}],"version-history":[{"count":20,"href":"https:\/\/www.adunguem.pt\/en\/wp-json\/wp\/v2\/pages\/93\/revisions"}],"predecessor-version":[{"id":1024,"href":"https:\/\/www.adunguem.pt\/en\/wp-json\/wp\/v2\/pages\/93\/revisions\/1024"}],"wp:attachment":[{"href":"https:\/\/www.adunguem.pt\/en\/wp-json\/wp\/v2\/media?parent=93"}],"curies":[{"name":"wp","href":"https:\/\/api.w.org\/{rel}","templated":true}]}}